{"id":2099,"date":"2023-04-26T08:00:53","date_gmt":"2023-04-26T08:00:53","guid":{"rendered":"https:\/\/joseluismoralesmartin.com\/architect-and-photographer-jose-luis-morales-martin\/"},"modified":"2023-09-01T13:02:47","modified_gmt":"2023-09-01T13:02:47","slug":"architect-and-photographer-jose-luis-morales-martin","status":"publish","type":"page","link":"https:\/\/joseluismoralesmartin.com\/en\/","title":{"rendered":"Architect and photographer Jos\u00e9 Luis Morales Mart\u00edn"},"content":{"rendered":"\t\t<div data-elementor-type=\"wp-page\" data-elementor-id=\"2099\" class=\"elementor elementor-2099 elementor-118\" data-elementor-post-type=\"page\">\n\t\t\t\t\t\t<section class=\"elementor-section elementor-top-section elementor-element elementor-element-16aacbd elementor-section-full_width elementor-section-stretched elementor-section-height-default elementor-section-height-default\" data-id=\"16aacbd\" data-element_type=\"section\" data-settings=\"{&quot;stretch_section&quot;:&quot;section-stretched&quot;}\">\n\t\t\t\t\t\t<div class=\"elementor-container elementor-column-gap-default\">\n\t\t\t\t\t<div class=\"elementor-column elementor-col-50 elementor-top-column elementor-element elementor-element-296035d\" data-id=\"296035d\" data-element_type=\"column\" data-settings=\"{&quot;background_background&quot;:&quot;classic&quot;}\">\n\t\t\t<div class=\"elementor-widget-wrap elementor-element-populated\">\n\t\t\t\t\t\t<div class=\"elementor-element elementor-element-997c0a6 elementor-widget elementor-widget-image\" data-id=\"997c0a6\" data-element_type=\"widget\" data-widget_type=\"image.default\">\n\t\t\t\t<div class=\"elementor-widget-container\">\n\t\t\t\t\t\t\t\t\t\t\t\t\t\t\t<img fetchpriority=\"high\" decoding=\"async\" width=\"1024\" height=\"1022\" src=\"https:\/\/joseluismoralesmartin.com\/wp-content\/uploads\/2023\/07\/arquitectura-fotografia-estructuras-innovacion-construccion-edificio-dibujo-diseno_jose-luis-morales-arquitecto-logo-03-1024x1022.png\" class=\"attachment-large size-large wp-image-271\" alt=\"\" srcset=\"https:\/\/joseluismoralesmartin.com\/wp-content\/uploads\/2023\/07\/arquitectura-fotografia-estructuras-innovacion-construccion-edificio-dibujo-diseno_jose-luis-morales-arquitecto-logo-03-1024x1022.png 1024w, https:\/\/joseluismoralesmartin.com\/wp-content\/uploads\/2023\/07\/arquitectura-fotografia-estructuras-innovacion-construccion-edificio-dibujo-diseno_jose-luis-morales-arquitecto-logo-03-300x300.png 300w, https:\/\/joseluismoralesmartin.com\/wp-content\/uploads\/2023\/07\/arquitectura-fotografia-estructuras-innovacion-construccion-edificio-dibujo-diseno_jose-luis-morales-arquitecto-logo-03-150x150.png 150w, https:\/\/joseluismoralesmartin.com\/wp-content\/uploads\/2023\/07\/arquitectura-fotografia-estructuras-innovacion-construccion-edificio-dibujo-diseno_jose-luis-morales-arquitecto-logo-03-768x766.png 768w, https:\/\/joseluismoralesmartin.com\/wp-content\/uploads\/2023\/07\/arquitectura-fotografia-estructuras-innovacion-construccion-edificio-dibujo-diseno_jose-luis-morales-arquitecto-logo-03-1536x1533.png 1536w, https:\/\/joseluismoralesmartin.com\/wp-content\/uploads\/2023\/07\/arquitectura-fotografia-estructuras-innovacion-construccion-edificio-dibujo-diseno_jose-luis-morales-arquitecto-logo-03-2048x2044.png 2048w\" sizes=\"(max-width: 1024px) 100vw, 1024px\" \/>\t\t\t\t\t\t\t\t\t\t\t\t\t\t\t<\/div>\n\t\t\t\t<\/div>\n\t\t\t\t<div class=\"elementor-element elementor-element-1aa8beb elementor-widget elementor-widget-image-carousel\" data-id=\"1aa8beb\" data-element_type=\"widget\" data-settings=\"{&quot;slides_to_show&quot;:&quot;1&quot;,&quot;navigation&quot;:&quot;none&quot;,&quot;lazyload&quot;:&quot;yes&quot;,&quot;pause_on_hover&quot;:&quot;no&quot;,&quot;pause_on_interaction&quot;:&quot;no&quot;,&quot;autoplay&quot;:&quot;yes&quot;,&quot;autoplay_speed&quot;:5000,&quot;infinite&quot;:&quot;yes&quot;,&quot;effect&quot;:&quot;slide&quot;,&quot;speed&quot;:500}\" data-widget_type=\"image-carousel.default\">\n\t\t\t\t<div class=\"elementor-widget-container\">\n\t\t\t\t\t\t\t<div class=\"elementor-image-carousel-wrapper swiper\" role=\"region\" aria-roledescription=\"carousel\" aria-label=\"Image Carousel\" dir=\"ltr\">\n\t\t\t<div class=\"elementor-image-carousel swiper-wrapper\" aria-live=\"off\">\n\t\t\t\t\t\t\t\t<div class=\"swiper-slide\" role=\"group\" aria-roledescription=\"slide\" aria-label=\"1 of 3\"><figure class=\"swiper-slide-inner\"><img class=\"swiper-slide-image swiper-lazy\" data-src=\"https:\/\/joseluismoralesmartin.com\/wp-content\/uploads\/2023\/07\/arquitectura-fotografia-estructuras-innovacion-construccion-edificio-dibujo-diseno_jose-luis-morales-arquitecto-01-1024x1024.jpg\" alt=\"arquitectura fotograf\u00eda estructuras innovaci\u00f3n construcci\u00f3n edificio dibujo dise\u00f1o_jose luis morales arquitecto 01\" \/><div class=\"swiper-lazy-preloader\"><\/div><\/figure><\/div><div class=\"swiper-slide\" role=\"group\" aria-roledescription=\"slide\" aria-label=\"2 of 3\"><figure class=\"swiper-slide-inner\"><img class=\"swiper-slide-image swiper-lazy\" data-src=\"https:\/\/joseluismoralesmartin.com\/wp-content\/uploads\/2023\/07\/arquitectura-fotografia-estructuras-innovacion-construccion-edificio-dibujo-diseno_jose-luis-morales-arquitecto-02-1024x1024.jpg\" alt=\"arquitectura fotograf\u00eda estructuras innovaci\u00f3n construcci\u00f3n edificio dibujo dise\u00f1o_jose luis morales arquitecto 02\" \/><div class=\"swiper-lazy-preloader\"><\/div><\/figure><\/div><div class=\"swiper-slide\" role=\"group\" aria-roledescription=\"slide\" aria-label=\"3 of 3\"><figure class=\"swiper-slide-inner\"><img class=\"swiper-slide-image swiper-lazy\" data-src=\"https:\/\/joseluismoralesmartin.com\/wp-content\/uploads\/2023\/07\/arquitectura-fotografia-estructuras-innovacion-construccion-edificio-dibujo-diseno_jose-luis-morales-arquitecto-03-1024x1024.jpg\" alt=\"arquitectura fotograf\u00eda estructuras innovaci\u00f3n construcci\u00f3n edificio dibujo dise\u00f1o_jose luis morales arquitecto 03\" \/><div class=\"swiper-lazy-preloader\"><\/div><\/figure><\/div>\t\t\t<\/div>\n\t\t\t\t\t\t\t\n\t\t\t\t\t\t\t\t\t<\/div>\n\t\t\t\t\t\t<\/div>\n\t\t\t\t<\/div>\n\t\t\t\t<div class=\"elementor-element elementor-element-54f4f6d elementor-align-right elementor-tablet-align-center elementor-widget elementor-widget-button\" data-id=\"54f4f6d\" data-element_type=\"widget\" data-widget_type=\"button.default\">\n\t\t\t\t<div class=\"elementor-widget-container\">\n\t\t\t\t\t\t\t\t\t<div class=\"elementor-button-wrapper\">\n\t\t\t\t\t<a class=\"elementor-button elementor-button-link elementor-size-sm\" href=\"https:\/\/joseluismoralesmartin.com\/arquitectura\/\">\n\t\t\t\t\t\t<span class=\"elementor-button-content-wrapper\">\n\t\t\t\t\t\t\t\t\t<span class=\"elementor-button-text\">Architecture<\/span>\n\t\t\t\t\t<\/span>\n\t\t\t\t\t<\/a>\n\t\t\t\t<\/div>\n\t\t\t\t\t\t\t\t<\/div>\n\t\t\t\t<\/div>\n\t\t\t\t<div class=\"elementor-element elementor-element-40c9456 elementor-widget elementor-widget-heading\" data-id=\"40c9456\" data-element_type=\"widget\" data-widget_type=\"heading.default\">\n\t\t\t\t<div class=\"elementor-widget-container\">\n\t\t\t\t\t<h1 class=\"elementor-heading-title elementor-size-default\">Visionary Architecture and Creative Photography: Explore Inspiring Designs and Images<\/h1>\t\t\t\t<\/div>\n\t\t\t\t<\/div>\n\t\t\t\t\t<\/div>\n\t\t<\/div>\n\t\t\t\t<div class=\"elementor-column elementor-col-50 elementor-top-column elementor-element elementor-element-c59eff6\" data-id=\"c59eff6\" data-element_type=\"column\" data-settings=\"{&quot;background_background&quot;:&quot;classic&quot;}\">\n\t\t\t<div class=\"elementor-widget-wrap elementor-element-populated\">\n\t\t\t\t\t\t<div class=\"elementor-element elementor-element-729594b elementor-widget elementor-widget-image\" data-id=\"729594b\" data-element_type=\"widget\" data-widget_type=\"image.default\">\n\t\t\t\t<div class=\"elementor-widget-container\">\n\t\t\t\t\t\t\t\t\t\t\t\t\t\t\t<img decoding=\"async\" width=\"1024\" height=\"1022\" src=\"https:\/\/joseluismoralesmartin.com\/wp-content\/uploads\/2023\/07\/arquitectura-fotografia-estructuras-innovacion-construccion-edificio-dibujo-diseno_jose-luis-morales-arquitecto-logo-002-1024x1022.png\" class=\"attachment-large size-large wp-image-294\" alt=\"\" srcset=\"https:\/\/joseluismoralesmartin.com\/wp-content\/uploads\/2023\/07\/arquitectura-fotografia-estructuras-innovacion-construccion-edificio-dibujo-diseno_jose-luis-morales-arquitecto-logo-002-1024x1022.png 1024w, https:\/\/joseluismoralesmartin.com\/wp-content\/uploads\/2023\/07\/arquitectura-fotografia-estructuras-innovacion-construccion-edificio-dibujo-diseno_jose-luis-morales-arquitecto-logo-002-300x300.png 300w, https:\/\/joseluismoralesmartin.com\/wp-content\/uploads\/2023\/07\/arquitectura-fotografia-estructuras-innovacion-construccion-edificio-dibujo-diseno_jose-luis-morales-arquitecto-logo-002-150x150.png 150w, https:\/\/joseluismoralesmartin.com\/wp-content\/uploads\/2023\/07\/arquitectura-fotografia-estructuras-innovacion-construccion-edificio-dibujo-diseno_jose-luis-morales-arquitecto-logo-002-768x766.png 768w, https:\/\/joseluismoralesmartin.com\/wp-content\/uploads\/2023\/07\/arquitectura-fotografia-estructuras-innovacion-construccion-edificio-dibujo-diseno_jose-luis-morales-arquitecto-logo-002-1536x1533.png 1536w, https:\/\/joseluismoralesmartin.com\/wp-content\/uploads\/2023\/07\/arquitectura-fotografia-estructuras-innovacion-construccion-edificio-dibujo-diseno_jose-luis-morales-arquitecto-logo-002-2048x2044.png 2048w\" sizes=\"(max-width: 1024px) 100vw, 1024px\" \/>\t\t\t\t\t\t\t\t\t\t\t\t\t\t\t<\/div>\n\t\t\t\t<\/div>\n\t\t\t\t<div class=\"elementor-element elementor-element-277481f elementor-widget elementor-widget-image-carousel\" data-id=\"277481f\" data-element_type=\"widget\" data-settings=\"{&quot;slides_to_show&quot;:&quot;1&quot;,&quot;navigation&quot;:&quot;none&quot;,&quot;lazyload&quot;:&quot;yes&quot;,&quot;pause_on_hover&quot;:&quot;no&quot;,&quot;pause_on_interaction&quot;:&quot;no&quot;,&quot;autoplay&quot;:&quot;yes&quot;,&quot;autoplay_speed&quot;:5000,&quot;infinite&quot;:&quot;yes&quot;,&quot;effect&quot;:&quot;slide&quot;,&quot;speed&quot;:500}\" data-widget_type=\"image-carousel.default\">\n\t\t\t\t<div class=\"elementor-widget-container\">\n\t\t\t\t\t\t\t<div class=\"elementor-image-carousel-wrapper swiper\" role=\"region\" aria-roledescription=\"carousel\" aria-label=\"Image Carousel\" dir=\"rtl\">\n\t\t\t<div class=\"elementor-image-carousel swiper-wrapper\" aria-live=\"off\">\n\t\t\t\t\t\t\t\t<div class=\"swiper-slide\" role=\"group\" aria-roledescription=\"slide\" aria-label=\"1 of 3\"><figure class=\"swiper-slide-inner\"><img class=\"swiper-slide-image swiper-lazy\" data-src=\"https:\/\/joseluismoralesmartin.com\/wp-content\/uploads\/2023\/07\/arquitectura-fotografia-estructuras-innovacion-construccion-edificio-dibujo-diseno_jose-luis-morales-arquitecto-04-1024x1024.jpg\" alt=\"arquitectura fotograf\u00eda estructuras innovaci\u00f3n construcci\u00f3n edificio dibujo dise\u00f1o_jose luis morales arquitecto 04\" \/><div class=\"swiper-lazy-preloader\"><\/div><\/figure><\/div><div class=\"swiper-slide\" role=\"group\" aria-roledescription=\"slide\" aria-label=\"2 of 3\"><figure class=\"swiper-slide-inner\"><img class=\"swiper-slide-image swiper-lazy\" data-src=\"https:\/\/joseluismoralesmartin.com\/wp-content\/uploads\/2023\/07\/arquitectura-fotografia-estructuras-innovacion-construccion-edificio-dibujo-diseno_jose-luis-morales-arquitecto-05-1024x1024.jpg\" alt=\"arquitectura fotograf\u00eda estructuras innovaci\u00f3n construcci\u00f3n edificio dibujo dise\u00f1o_jose luis morales arquitecto 05\" \/><div class=\"swiper-lazy-preloader\"><\/div><\/figure><\/div><div class=\"swiper-slide\" role=\"group\" aria-roledescription=\"slide\" aria-label=\"3 of 3\"><figure class=\"swiper-slide-inner\"><img class=\"swiper-slide-image swiper-lazy\" data-src=\"https:\/\/joseluismoralesmartin.com\/wp-content\/uploads\/2023\/07\/arquitectura-fotografia-estructuras-innovacion-construccion-edificio-dibujo-diseno_jose-luis-morales-arquitecto-06-1024x1024.jpg\" alt=\"arquitectura fotograf\u00eda estructuras innovaci\u00f3n construcci\u00f3n edificio dibujo dise\u00f1o_jose luis morales arquitecto 06\" \/><div class=\"swiper-lazy-preloader\"><\/div><\/figure><\/div>\t\t\t<\/div>\n\t\t\t\t\t\t\t\n\t\t\t\t\t\t\t\t\t<\/div>\n\t\t\t\t\t\t<\/div>\n\t\t\t\t<\/div>\n\t\t\t\t<div class=\"elementor-element elementor-element-441fcee elementor-align-left elementor-tablet-align-center elementor-widget elementor-widget-button\" data-id=\"441fcee\" data-element_type=\"widget\" data-widget_type=\"button.default\">\n\t\t\t\t<div class=\"elementor-widget-container\">\n\t\t\t\t\t\t\t\t\t<div class=\"elementor-button-wrapper\">\n\t\t\t\t\t<a class=\"elementor-button elementor-button-link elementor-size-sm\" href=\"https:\/\/joseluismoralesmartin.com\/fotografia-jose-luis-morales-martin\/\">\n\t\t\t\t\t\t<span class=\"elementor-button-content-wrapper\">\n\t\t\t\t\t\t\t\t\t<span class=\"elementor-button-text\">Photography<\/span>\n\t\t\t\t\t<\/span>\n\t\t\t\t\t<\/a>\n\t\t\t\t<\/div>\n\t\t\t\t\t\t\t\t<\/div>\n\t\t\t\t<\/div>\n\t\t\t\t\t<\/div>\n\t\t<\/div>\n\t\t\t\t\t<\/div>\n\t\t<\/section>\n\t\t\t\t<\/div>\n\t\t","protected":false},"excerpt":{"rendered":"<p>Architecture Visionary Architecture and Creative Photography: Explore Inspiring Designs and Images Photography<\/p>\n","protected":false},"author":1,"featured_media":1950,"parent":0,"menu_order":0,"comment_status":"closed","ping_status":"closed","template":"","meta":{"footnotes":""},"class_list":["post-2099","page","type-page","status-publish","has-post-thumbnail"],"yoast_head":"<!-- This site is optimized with the Yoast SEO plugin v26.6 - https:\/\/yoast.com\/wordpress\/plugins\/seo\/ -->\n<title>Architect and photographer Jos\u00e9 Luis Morales Mart\u00edn<\/title>\n<meta name=\"description\" content=\"Architecture and photography that inspire. Discover my vision through innovative designs and captivating captures. Art in every structure and detail\" \/>\n<meta name=\"robots\" content=\"noindex, nofollow\" \/>\n<meta property=\"og:locale\" content=\"en_US\" \/>\n<meta property=\"og:type\" content=\"article\" \/>\n<meta property=\"og:title\" content=\"Architect and photographer Jos\u00e9 Luis Morales Mart\u00edn\" \/>\n<meta property=\"og:description\" content=\"Architecture and photography that inspire. Discover my vision through innovative designs and captivating captures. Art in every structure and detail\" \/>\n<meta property=\"og:url\" content=\"https:\/\/joseluismoralesmartin.com\/en\/\" \/>\n<meta property=\"og:site_name\" content=\"Jose Luis Morales Martin\" \/>\n<meta property=\"article:modified_time\" content=\"2023-09-01T13:02:47+00:00\" \/>\n<meta property=\"og:image\" content=\"https:\/\/joseluismoralesmartin.com\/wp-content\/uploads\/2023\/07\/cropped-arquitectura-fotografia-estructuras-innovacion-construccion-edificio-dibujo-diseno_jose-luis-morales-arquitecto-logo-04.png\" \/>\n\t<meta property=\"og:image:width\" content=\"512\" \/>\n\t<meta property=\"og:image:height\" content=\"512\" \/>\n\t<meta property=\"og:image:type\" content=\"image\/png\" \/>\n<meta name=\"twitter:card\" content=\"summary_large_image\" \/>\n<meta name=\"twitter:label1\" content=\"Est. reading time\" \/>\n\t<meta name=\"twitter:data1\" content=\"2 minutes\" \/>\n<script type=\"application\/ld+json\" class=\"yoast-schema-graph\">{\"@context\":\"https:\/\/schema.org\",\"@graph\":[{\"@type\":\"WebPage\",\"@id\":\"https:\/\/joseluismoralesmartin.com\/en\/\",\"url\":\"https:\/\/joseluismoralesmartin.com\/en\/\",\"name\":\"Architect and photographer Jos\u00e9 Luis Morales Mart\u00edn\",\"isPartOf\":{\"@id\":\"https:\/\/joseluismoralesmartin.com\/en\/#website\"},\"primaryImageOfPage\":{\"@id\":\"https:\/\/joseluismoralesmartin.com\/en\/#primaryimage\"},\"image\":{\"@id\":\"https:\/\/joseluismoralesmartin.com\/en\/#primaryimage\"},\"thumbnailUrl\":\"https:\/\/joseluismoralesmartin.com\/wp-content\/uploads\/2023\/07\/cropped-arquitectura-fotografia-estructuras-innovacion-construccion-edificio-dibujo-diseno_jose-luis-morales-arquitecto-logo-04.png\",\"datePublished\":\"2023-04-26T08:00:53+00:00\",\"dateModified\":\"2023-09-01T13:02:47+00:00\",\"description\":\"Architecture and photography that inspire. Discover my vision through innovative designs and captivating captures. Art in every structure and detail\",\"breadcrumb\":{\"@id\":\"https:\/\/joseluismoralesmartin.com\/en\/#breadcrumb\"},\"inLanguage\":\"en-US\",\"potentialAction\":[{\"@type\":\"ReadAction\",\"target\":[\"https:\/\/joseluismoralesmartin.com\/en\/\"]}]},{\"@type\":\"ImageObject\",\"inLanguage\":\"en-US\",\"@id\":\"https:\/\/joseluismoralesmartin.com\/en\/#primaryimage\",\"url\":\"https:\/\/joseluismoralesmartin.com\/wp-content\/uploads\/2023\/07\/cropped-arquitectura-fotografia-estructuras-innovacion-construccion-edificio-dibujo-diseno_jose-luis-morales-arquitecto-logo-04.png\",\"contentUrl\":\"https:\/\/joseluismoralesmartin.com\/wp-content\/uploads\/2023\/07\/cropped-arquitectura-fotografia-estructuras-innovacion-construccion-edificio-dibujo-diseno_jose-luis-morales-arquitecto-logo-04.png\",\"width\":512,\"height\":512},{\"@type\":\"BreadcrumbList\",\"@id\":\"https:\/\/joseluismoralesmartin.com\/en\/#breadcrumb\",\"itemListElement\":[{\"@type\":\"ListItem\",\"position\":1,\"name\":\"Portada\",\"item\":\"https:\/\/joseluismoralesmartin.com\/en\/\"},{\"@type\":\"ListItem\",\"position\":2,\"name\":\"Architect and photographer Jos\u00e9 Luis Morales Mart\u00edn\"}]},{\"@type\":\"WebSite\",\"@id\":\"https:\/\/joseluismoralesmartin.com\/en\/#website\",\"url\":\"https:\/\/joseluismoralesmartin.com\/en\/\",\"name\":\"Jose Luis Morales Martin\",\"description\":\"Arquitecto\",\"potentialAction\":[{\"@type\":\"SearchAction\",\"target\":{\"@type\":\"EntryPoint\",\"urlTemplate\":\"https:\/\/joseluismoralesmartin.com\/en\/?s={search_term_string}\"},\"query-input\":{\"@type\":\"PropertyValueSpecification\",\"valueRequired\":true,\"valueName\":\"search_term_string\"}}],\"inLanguage\":\"en-US\"}]}<\/script>\n<!-- \/ Yoast SEO plugin. -->","yoast_head_json":{"title":"Architect and photographer Jos\u00e9 Luis Morales Mart\u00edn","description":"Architecture and photography that inspire. Discover my vision through innovative designs and captivating captures. Art in every structure and detail","robots":{"index":"noindex","follow":"nofollow"},"og_locale":"en_US","og_type":"article","og_title":"Architect and photographer Jos\u00e9 Luis Morales Mart\u00edn","og_description":"Architecture and photography that inspire. Discover my vision through innovative designs and captivating captures. Art in every structure and detail","og_url":"https:\/\/joseluismoralesmartin.com\/en\/","og_site_name":"Jose Luis Morales Martin","article_modified_time":"2023-09-01T13:02:47+00:00","og_image":[{"width":512,"height":512,"url":"https:\/\/joseluismoralesmartin.com\/wp-content\/uploads\/2023\/07\/cropped-arquitectura-fotografia-estructuras-innovacion-construccion-edificio-dibujo-diseno_jose-luis-morales-arquitecto-logo-04.png","type":"image\/png"}],"twitter_card":"summary_large_image","twitter_misc":{"Est. reading time":"2 minutes"},"schema":{"@context":"https:\/\/schema.org","@graph":[{"@type":"WebPage","@id":"https:\/\/joseluismoralesmartin.com\/en\/","url":"https:\/\/joseluismoralesmartin.com\/en\/","name":"Architect and photographer Jos\u00e9 Luis Morales Mart\u00edn","isPartOf":{"@id":"https:\/\/joseluismoralesmartin.com\/en\/#website"},"primaryImageOfPage":{"@id":"https:\/\/joseluismoralesmartin.com\/en\/#primaryimage"},"image":{"@id":"https:\/\/joseluismoralesmartin.com\/en\/#primaryimage"},"thumbnailUrl":"https:\/\/joseluismoralesmartin.com\/wp-content\/uploads\/2023\/07\/cropped-arquitectura-fotografia-estructuras-innovacion-construccion-edificio-dibujo-diseno_jose-luis-morales-arquitecto-logo-04.png","datePublished":"2023-04-26T08:00:53+00:00","dateModified":"2023-09-01T13:02:47+00:00","description":"Architecture and photography that inspire. Discover my vision through innovative designs and captivating captures. Art in every structure and detail","breadcrumb":{"@id":"https:\/\/joseluismoralesmartin.com\/en\/#breadcrumb"},"inLanguage":"en-US","potentialAction":[{"@type":"ReadAction","target":["https:\/\/joseluismoralesmartin.com\/en\/"]}]},{"@type":"ImageObject","inLanguage":"en-US","@id":"https:\/\/joseluismoralesmartin.com\/en\/#primaryimage","url":"https:\/\/joseluismoralesmartin.com\/wp-content\/uploads\/2023\/07\/cropped-arquitectura-fotografia-estructuras-innovacion-construccion-edificio-dibujo-diseno_jose-luis-morales-arquitecto-logo-04.png","contentUrl":"https:\/\/joseluismoralesmartin.com\/wp-content\/uploads\/2023\/07\/cropped-arquitectura-fotografia-estructuras-innovacion-construccion-edificio-dibujo-diseno_jose-luis-morales-arquitecto-logo-04.png","width":512,"height":512},{"@type":"BreadcrumbList","@id":"https:\/\/joseluismoralesmartin.com\/en\/#breadcrumb","itemListElement":[{"@type":"ListItem","position":1,"name":"Portada","item":"https:\/\/joseluismoralesmartin.com\/en\/"},{"@type":"ListItem","position":2,"name":"Architect and photographer Jos\u00e9 Luis Morales Mart\u00edn"}]},{"@type":"WebSite","@id":"https:\/\/joseluismoralesmartin.com\/en\/#website","url":"https:\/\/joseluismoralesmartin.com\/en\/","name":"Jose Luis Morales Martin","description":"Arquitecto","potentialAction":[{"@type":"SearchAction","target":{"@type":"EntryPoint","urlTemplate":"https:\/\/joseluismoralesmartin.com\/en\/?s={search_term_string}"},"query-input":{"@type":"PropertyValueSpecification","valueRequired":true,"valueName":"search_term_string"}}],"inLanguage":"en-US"}]}},"_links":{"self":[{"href":"https:\/\/joseluismoralesmartin.com\/en\/wp-json\/wp\/v2\/pages\/2099","targetHints":{"allow":["GET"]}}],"collection":[{"href":"https:\/\/joseluismoralesmartin.com\/en\/wp-json\/wp\/v2\/pages"}],"about":[{"href":"https:\/\/joseluismoralesmartin.com\/en\/wp-json\/wp\/v2\/types\/page"}],"author":[{"embeddable":true,"href":"https:\/\/joseluismoralesmartin.com\/en\/wp-json\/wp\/v2\/users\/1"}],"replies":[{"embeddable":true,"href":"https:\/\/joseluismoralesmartin.com\/en\/wp-json\/wp\/v2\/comments?post=2099"}],"version-history":[{"count":4,"href":"https:\/\/joseluismoralesmartin.com\/en\/wp-json\/wp\/v2\/pages\/2099\/revisions"}],"predecessor-version":[{"id":2789,"href":"https:\/\/joseluismoralesmartin.com\/en\/wp-json\/wp\/v2\/pages\/2099\/revisions\/2789"}],"wp:featuredmedia":[{"embeddable":true,"href":"https:\/\/joseluismoralesmartin.com\/en\/wp-json\/wp\/v2\/media\/1950"}],"wp:attachment":[{"href":"https:\/\/joseluismoralesmartin.com\/en\/wp-json\/wp\/v2\/media?parent=2099"}],"curies":[{"name":"wp","href":"https:\/\/api.w.org\/{rel}","templated":true}]}}