{"id":2145,"date":"2023-08-23T08:53:02","date_gmt":"2023-08-23T08:53:02","guid":{"rendered":"https:\/\/joseluismoralesmartin.com\/contact-photography\/"},"modified":"2023-09-01T13:01:52","modified_gmt":"2023-09-01T13:01:52","slug":"contact-photography","status":"publish","type":"page","link":"https:\/\/joseluismoralesmartin.com\/en\/contact-photography\/","title":{"rendered":"Contact Photography"},"content":{"rendered":"\t\t<div data-elementor-type=\"wp-page\" data-elementor-id=\"2145\" class=\"elementor elementor-2145 elementor-1742\" data-elementor-post-type=\"page\">\n\t\t\t\t\t\t<section class=\"elementor-section elementor-top-section elementor-element elementor-element-5ce3473 elementor-section-stretched elementor-section-boxed elementor-section-height-default elementor-section-height-default\" data-id=\"5ce3473\" data-element_type=\"section\" data-settings=\"{&quot;stretch_section&quot;:&quot;section-stretched&quot;,&quot;background_background&quot;:&quot;classic&quot;}\">\n\t\t\t\t\t\t\t<div class=\"elementor-background-overlay\"><\/div>\n\t\t\t\t\t\t\t<div class=\"elementor-container elementor-column-gap-default\">\n\t\t\t\t\t<div class=\"elementor-column elementor-col-100 elementor-top-column elementor-element elementor-element-135d22d\" data-id=\"135d22d\" data-element_type=\"column\">\n\t\t\t<div class=\"elementor-widget-wrap elementor-element-populated\">\n\t\t\t\t\t\t<div class=\"elementor-element elementor-element-a586d15 elementor-widget elementor-widget-heading\" data-id=\"a586d15\" data-element_type=\"widget\" data-widget_type=\"heading.default\">\n\t\t\t\t<div class=\"elementor-widget-container\">\n\t\t\t\t\t<h2 class=\"elementor-heading-title elementor-size-default\">CONTACT photography<\/h2>\t\t\t\t<\/div>\n\t\t\t\t<\/div>\n\t\t\t\t<div class=\"elementor-element elementor-element-8518ec5 elementor-widget elementor-widget-heading\" data-id=\"8518ec5\" data-element_type=\"widget\" data-widget_type=\"heading.default\">\n\t\t\t\t<div class=\"elementor-widget-container\">\n\t\t\t\t\t<h1 class=\"elementor-heading-title elementor-size-default\">Jose Lu\u00eds Morales Mart\u00edn Architecture and Photography<\/h1>\t\t\t\t<\/div>\n\t\t\t\t<\/div>\n\t\t\t\t\t<\/div>\n\t\t<\/div>\n\t\t\t\t\t<\/div>\n\t\t<\/section>\n\t\t\t\t<section class=\"elementor-section elementor-top-section elementor-element elementor-element-543c32a elementor-section-stretched elementor-reverse-tablet elementor-reverse-mobile elementor-section-boxed elementor-section-height-default elementor-section-height-default\" data-id=\"543c32a\" data-element_type=\"section\" data-settings=\"{&quot;stretch_section&quot;:&quot;section-stretched&quot;,&quot;background_background&quot;:&quot;classic&quot;}\">\n\t\t\t\t\t\t<div class=\"elementor-container elementor-column-gap-default\">\n\t\t\t\t\t<div class=\"elementor-column elementor-col-50 elementor-top-column elementor-element elementor-element-46f9e034\" data-id=\"46f9e034\" data-element_type=\"column\">\n\t\t\t<div class=\"elementor-widget-wrap elementor-element-populated\">\n\t\t\t\t\t\t<div class=\"elementor-element elementor-element-6ee88b4f elementor-widget elementor-widget-heading\" data-id=\"6ee88b4f\" data-element_type=\"widget\" data-widget_type=\"heading.default\">\n\t\t\t\t<div class=\"elementor-widget-container\">\n\t\t\t\t\t<span class=\"elementor-heading-title elementor-size-default\">Phone<\/span>\t\t\t\t<\/div>\n\t\t\t\t<\/div>\n\t\t\t\t<div class=\"elementor-element elementor-element-2b998157 elementor-mobile-align-center elementor-tablet-align-center elementor-icon-list--layout-traditional elementor-list-item-link-full_width elementor-widget elementor-widget-icon-list\" data-id=\"2b998157\" data-element_type=\"widget\" data-widget_type=\"icon-list.default\">\n\t\t\t\t<div class=\"elementor-widget-container\">\n\t\t\t\t\t\t\t<ul class=\"elementor-icon-list-items\">\n\t\t\t\t\t\t\t<li class=\"elementor-icon-list-item\">\n\t\t\t\t\t\t\t\t\t\t\t<a href=\"tel:6654031838\">\n\n\t\t\t\t\t\t\t\t\t\t\t\t<span class=\"elementor-icon-list-icon\">\n\t\t\t\t\t\t\t<i aria-hidden=\"true\" class=\"fas fa-phone-alt\"><\/i>\t\t\t\t\t\t<\/span>\n\t\t\t\t\t\t\t\t\t\t<span class=\"elementor-icon-list-text\">654 03 18 38<\/span>\n\t\t\t\t\t\t\t\t\t\t\t<\/a>\n\t\t\t\t\t\t\t\t\t<\/li>\n\t\t\t\t\t\t<\/ul>\n\t\t\t\t\t\t<\/div>\n\t\t\t\t<\/div>\n\t\t\t\t<div class=\"elementor-element elementor-element-70502168 elementor-widget elementor-widget-heading\" data-id=\"70502168\" data-element_type=\"widget\" data-widget_type=\"heading.default\">\n\t\t\t\t<div class=\"elementor-widget-container\">\n\t\t\t\t\t<span class=\"elementor-heading-title elementor-size-default\">Email<\/span>\t\t\t\t<\/div>\n\t\t\t\t<\/div>\n\t\t\t\t<div class=\"elementor-element elementor-element-64ae1789 elementor-mobile-align-center elementor-tablet-align-center elementor-icon-list--layout-traditional elementor-list-item-link-full_width elementor-widget elementor-widget-icon-list\" data-id=\"64ae1789\" data-element_type=\"widget\" data-widget_type=\"icon-list.default\">\n\t\t\t\t<div class=\"elementor-widget-container\">\n\t\t\t\t\t\t\t<ul class=\"elementor-icon-list-items\">\n\t\t\t\t\t\t\t<li class=\"elementor-icon-list-item\">\n\t\t\t\t\t\t\t\t\t\t\t<a href=\"mailto:fotograf\u00eda@joseluismoralesmartin.com\">\n\n\t\t\t\t\t\t\t\t\t\t\t\t<span class=\"elementor-icon-list-icon\">\n\t\t\t\t\t\t\t<i aria-hidden=\"true\" class=\"fas fa-envelope\"><\/i>\t\t\t\t\t\t<\/span>\n\t\t\t\t\t\t\t\t\t\t<span class=\"elementor-icon-list-text\">fotograf\u00eda@joseluismoralesmartin.com<\/span>\n\t\t\t\t\t\t\t\t\t\t\t<\/a>\n\t\t\t\t\t\t\t\t\t<\/li>\n\t\t\t\t\t\t<\/ul>\n\t\t\t\t\t\t<\/div>\n\t\t\t\t<\/div>\n\t\t\t\t<div class=\"elementor-element elementor-element-70a1fc2c elementor-widget elementor-widget-heading\" data-id=\"70a1fc2c\" data-element_type=\"widget\" data-widget_type=\"heading.default\">\n\t\t\t\t<div class=\"elementor-widget-container\">\n\t\t\t\t\t<span class=\"elementor-heading-title elementor-size-default\">Social media<\/span>\t\t\t\t<\/div>\n\t\t\t\t<\/div>\n\t\t\t\t<div class=\"elementor-element elementor-element-41a0db7 e-grid-align-left e-grid-align-tablet-center elementor-shape-rounded elementor-grid-0 elementor-widget elementor-widget-social-icons\" data-id=\"41a0db7\" data-element_type=\"widget\" data-widget_type=\"social-icons.default\">\n\t\t\t\t<div class=\"elementor-widget-container\">\n\t\t\t\t\t\t\t<div class=\"elementor-social-icons-wrapper elementor-grid\">\n\t\t\t\t\t\t\t<span class=\"elementor-grid-item\">\n\t\t\t\t\t<a class=\"elementor-icon elementor-social-icon elementor-social-icon-instagram elementor-repeater-item-33ab9bb\" href=\"https:\/\/www.instagram.com\/morales3arc\/\" target=\"_blank\">\n\t\t\t\t\t\t<span class=\"elementor-screen-only\">Instagram<\/span>\n\t\t\t\t\t\t<i aria-hidden=\"true\" class=\"fab fa-instagram\"><\/i>\t\t\t\t\t<\/a>\n\t\t\t\t<\/span>\n\t\t\t\t\t<\/div>\n\t\t\t\t\t\t<\/div>\n\t\t\t\t<\/div>\n\t\t\t\t\t<\/div>\n\t\t<\/div>\n\t\t\t\t<div class=\"elementor-column elementor-col-50 elementor-top-column elementor-element elementor-element-495f852e\" data-id=\"495f852e\" data-element_type=\"column\">\n\t\t\t<div class=\"elementor-widget-wrap elementor-element-populated\">\n\t\t\t\t\t\t<div class=\"elementor-element elementor-element-4412c53 elementor-button-align-stretch elementor-widget elementor-widget-form\" data-id=\"4412c53\" data-element_type=\"widget\" data-settings=\"{&quot;step_next_label&quot;:&quot;Next&quot;,&quot;step_previous_label&quot;:&quot;Previous&quot;,&quot;button_width&quot;:&quot;100&quot;,&quot;step_type&quot;:&quot;number_text&quot;,&quot;step_icon_shape&quot;:&quot;circle&quot;}\" data-widget_type=\"form.default\">\n\t\t\t\t<div class=\"elementor-widget-container\">\n\t\t\t\t\t\t\t<form class=\"elementor-form\" method=\"post\" name=\"Contact form;\" aria-label=\"Contact form;\" novalidate=\"\">\n\t\t\t<input type=\"hidden\" name=\"post_id\" value=\"2145\"\/>\n\t\t\t<input type=\"hidden\" name=\"form_id\" value=\"4412c53\"\/>\n\t\t\t<input type=\"hidden\" name=\"referer_title\" value=\"Contact Photography - Jose Luis Morales Martin\" \/>\n\n\t\t\t\t\t\t\t<input type=\"hidden\" name=\"queried_id\" value=\"2145\"\/>\n\t\t\t\n\t\t\t<div class=\"elementor-form-fields-wrapper elementor-labels-\">\n\t\t\t\t\t\t\t\t<div class=\"elementor-field-type-text elementor-field-group elementor-column elementor-field-group-nombre elementor-col-100 elementor-field-required\">\n\t\t\t\t\t\t\t\t\t\t\t\t<label for=\"form-field-nombre\" class=\"elementor-field-label elementor-screen-only\">\n\t\t\t\t\t\t\t\tName\t\t\t\t\t\t\t<\/label>\n\t\t\t\t\t\t\t\t\t\t\t\t\t\t<input size=\"1\" type=\"text\" name=\"form_fields[nombre]\" id=\"form-field-nombre\" class=\"elementor-field elementor-size-sm  elementor-field-textual\" placeholder=\"Name *\" required=\"required\">\n\t\t\t\t\t\t\t\t\t\t\t<\/div>\n\t\t\t\t\t\t\t\t<div class=\"elementor-field-type-email elementor-field-group elementor-column elementor-field-group-email elementor-col-100 elementor-field-required\">\n\t\t\t\t\t\t\t\t\t\t\t\t<label for=\"form-field-email\" class=\"elementor-field-label elementor-screen-only\">\n\t\t\t\t\t\t\t\tE-mail\t\t\t\t\t\t\t<\/label>\n\t\t\t\t\t\t\t\t\t\t\t\t\t\t<input size=\"1\" type=\"email\" name=\"form_fields[email]\" id=\"form-field-email\" class=\"elementor-field elementor-size-sm  elementor-field-textual\" placeholder=\"E-mail *\" required=\"required\">\n\t\t\t\t\t\t\t\t\t\t\t<\/div>\n\t\t\t\t\t\t\t\t<div class=\"elementor-field-type-tel elementor-field-group elementor-column elementor-field-group-telefono elementor-col-100\">\n\t\t\t\t\t\t\t\t\t\t\t\t<label for=\"form-field-telefono\" class=\"elementor-field-label elementor-screen-only\">\n\t\t\t\t\t\t\t\tPhone\t\t\t\t\t\t\t<\/label>\n\t\t\t\t\t\t\t\t<input size=\"1\" type=\"tel\" name=\"form_fields[telefono]\" id=\"form-field-telefono\" class=\"elementor-field elementor-size-sm  elementor-field-textual\" placeholder=\"Phone\" pattern=\"[0-9()#&amp;+*-=.]+\" title=\"Only numbers and phone characters (#, -, *, etc) are accepted.\">\n\n\t\t\t\t\t\t<\/div>\n\t\t\t\t\t\t\t\t<div class=\"elementor-field-type-textarea elementor-field-group elementor-column elementor-field-group-mensaje elementor-col-100 elementor-field-required\">\n\t\t\t\t\t\t\t\t\t\t\t\t<label for=\"form-field-mensaje\" class=\"elementor-field-label elementor-screen-only\">\n\t\t\t\t\t\t\t\tMessage\t\t\t\t\t\t\t<\/label>\n\t\t\t\t\t\t<textarea class=\"elementor-field-textual elementor-field  elementor-size-sm\" name=\"form_fields[mensaje]\" id=\"form-field-mensaje\" rows=\"4\" placeholder=\"Message *\" required=\"required\"><\/textarea>\t\t\t\t<\/div>\n\t\t\t\t\t\t\t\t<div class=\"elementor-field-type-acceptance elementor-field-group elementor-column elementor-field-group-message elementor-col-100 elementor-field-required\">\n\t\t\t\t\t\t\t\t\t\t\t\t<label for=\"form-field-message\" class=\"elementor-field-label elementor-screen-only\">\n\t\t\t\t\t\t\t\tI accept the Legal Notice and Privacy Policy\t\t\t\t\t\t\t<\/label>\n\t\t\t\t\t\t\t\t<div class=\"elementor-field-subgroup\">\n\t\t\t<span class=\"elementor-field-option\">\n\t\t\t\t<input type=\"checkbox\" name=\"form_fields[message]\" id=\"form-field-message\" class=\"elementor-field elementor-size-sm  elementor-acceptance-field\" required=\"required\">\n\t\t\t\t<label for=\"form-field-message\"><span style=\"font-size: 15px; color: #1F1F1F;\" original=\"PGEgc3R5bGU9ImNvbG9yOiAjMUYxRjFGOyIgaHJlZj0vYXZpc28tbGVnYWwi Pg==\"><\/span>I have read the Legal Notice<\/a> and accept the <a style=\"color: #1F1F1F;\" href=\"\/politica-de-privacidad%22\"><b>Privacy Policy<\/b><\/a><\/span><\/label>\t\t\t<\/span>\n\t\t<\/div>\n\t\t\t\t\t\t<\/div>\n\t\t\t\t\t\t\t\t<div class=\"elementor-field-group elementor-column elementor-field-type-submit elementor-col-100 e-form__buttons\">\n\t\t\t\t\t<button class=\"elementor-button elementor-size-sm\" type=\"submit\">\n\t\t\t\t\t\t<span class=\"elementor-button-content-wrapper\">\n\t\t\t\t\t\t\t\t\t\t\t\t\t\t\t\t\t\t\t\t\t\t<span class=\"elementor-button-text\">Send<\/span>\n\t\t\t\t\t\t\t\t\t\t\t\t\t<\/span>\n\t\t\t\t\t<\/button>\n\t\t\t\t<\/div>\n\t\t\t<\/div>\n\t\t<\/form>\n\t\t\t\t\t\t<\/div>\n\t\t\t\t<\/div>\n\t\t\t\t\t<\/div>\n\t\t<\/div>\n\t\t\t\t\t<\/div>\n\t\t<\/section>\n\t\t\t\t<\/div>\n\t\t","protected":false},"excerpt":{"rendered":"<p>CONTACT photography Jose Lu\u00eds Morales Mart\u00edn Architecture and Photography Phone 654 03 18 38 Email fotograf\u00eda@joseluismoralesmartin.com Social media Instagram<\/p>\n","protected":false},"author":3,"featured_media":1948,"parent":0,"menu_order":0,"comment_status":"closed","ping_status":"closed","template":"","meta":{"footnotes":""},"class_list":["post-2145","page","type-page","status-publish","has-post-thumbnail"],"yoast_head":"<!-- This site is optimized with the Yoast SEO plugin v26.6 - https:\/\/yoast.com\/wordpress\/plugins\/seo\/ -->\n<title>Contact Photography - Jose Luis Morales Martin<\/title>\n<meta name=\"description\" content=\"If you have any questions or want to get in touch with me, don&#039;t hesitate to write to me! I will get back to you as soon as possible;\" \/>\n<meta name=\"robots\" content=\"index, follow, max-snippet:-1, max-image-preview:large, max-video-preview:-1\" \/>\n<link rel=\"canonical\" href=\"https:\/\/joseluismoralesmartin.com\/en\/contact-photography\/\" \/>\n<meta property=\"og:locale\" content=\"en_US\" \/>\n<meta property=\"og:type\" content=\"article\" \/>\n<meta property=\"og:title\" content=\"Contact Photography - Jose Luis Morales Martin\" \/>\n<meta property=\"og:description\" content=\"If you have any questions or want to get in touch with me, don&#039;t hesitate to write to me! I will get back to you as soon as possible;\" \/>\n<meta property=\"og:url\" content=\"https:\/\/joseluismoralesmartin.com\/en\/contact-photography\/\" \/>\n<meta property=\"og:site_name\" content=\"Jose Luis Morales Martin\" \/>\n<meta property=\"article:modified_time\" content=\"2023-09-01T13:01:52+00:00\" \/>\n<meta property=\"og:image\" content=\"https:\/\/joseluismoralesmartin.com\/wp-content\/uploads\/2023\/07\/arquitectura-fotografia-estructuras-innovacion-construccion-edificio-dibujo-diseno_jose-luis-morales-arquitecto-logo-002.png\" \/>\n\t<meta property=\"og:image:width\" content=\"2486\" \/>\n\t<meta property=\"og:image:height\" content=\"2481\" \/>\n\t<meta property=\"og:image:type\" content=\"image\/png\" \/>\n<meta name=\"twitter:card\" content=\"summary_large_image\" \/>\n<meta name=\"twitter:label1\" content=\"Est. reading time\" \/>\n\t<meta name=\"twitter:data1\" content=\"1 minute\" \/>\n<script type=\"application\/ld+json\" class=\"yoast-schema-graph\">{\"@context\":\"https:\/\/schema.org\",\"@graph\":[{\"@type\":\"WebPage\",\"@id\":\"https:\/\/joseluismoralesmartin.com\/en\/contact-photography\/\",\"url\":\"https:\/\/joseluismoralesmartin.com\/en\/contact-photography\/\",\"name\":\"Contact Photography - Jose Luis Morales Martin\",\"isPartOf\":{\"@id\":\"https:\/\/joseluismoralesmartin.com\/en\/#website\"},\"primaryImageOfPage\":{\"@id\":\"https:\/\/joseluismoralesmartin.com\/en\/contact-photography\/#primaryimage\"},\"image\":{\"@id\":\"https:\/\/joseluismoralesmartin.com\/en\/contact-photography\/#primaryimage\"},\"thumbnailUrl\":\"https:\/\/joseluismoralesmartin.com\/wp-content\/uploads\/2023\/07\/arquitectura-fotografia-estructuras-innovacion-construccion-edificio-dibujo-diseno_jose-luis-morales-arquitecto-logo-002.png\",\"datePublished\":\"2023-08-23T08:53:02+00:00\",\"dateModified\":\"2023-09-01T13:01:52+00:00\",\"description\":\"If you have any questions or want to get in touch with me, don't hesitate to write to me! I will get back to you as soon as possible;\",\"breadcrumb\":{\"@id\":\"https:\/\/joseluismoralesmartin.com\/en\/contact-photography\/#breadcrumb\"},\"inLanguage\":\"en-US\",\"potentialAction\":[{\"@type\":\"ReadAction\",\"target\":[\"https:\/\/joseluismoralesmartin.com\/en\/contact-photography\/\"]}]},{\"@type\":\"ImageObject\",\"inLanguage\":\"en-US\",\"@id\":\"https:\/\/joseluismoralesmartin.com\/en\/contact-photography\/#primaryimage\",\"url\":\"https:\/\/joseluismoralesmartin.com\/wp-content\/uploads\/2023\/07\/arquitectura-fotografia-estructuras-innovacion-construccion-edificio-dibujo-diseno_jose-luis-morales-arquitecto-logo-002.png\",\"contentUrl\":\"https:\/\/joseluismoralesmartin.com\/wp-content\/uploads\/2023\/07\/arquitectura-fotografia-estructuras-innovacion-construccion-edificio-dibujo-diseno_jose-luis-morales-arquitecto-logo-002.png\",\"width\":2486,\"height\":2481},{\"@type\":\"BreadcrumbList\",\"@id\":\"https:\/\/joseluismoralesmartin.com\/en\/contact-photography\/#breadcrumb\",\"itemListElement\":[{\"@type\":\"ListItem\",\"position\":1,\"name\":\"Portada\",\"item\":\"https:\/\/joseluismoralesmartin.com\/en\/\"},{\"@type\":\"ListItem\",\"position\":2,\"name\":\"Contact Photography\"}]},{\"@type\":\"WebSite\",\"@id\":\"https:\/\/joseluismoralesmartin.com\/en\/#website\",\"url\":\"https:\/\/joseluismoralesmartin.com\/en\/\",\"name\":\"Jose Luis Morales Martin\",\"description\":\"Arquitecto\",\"potentialAction\":[{\"@type\":\"SearchAction\",\"target\":{\"@type\":\"EntryPoint\",\"urlTemplate\":\"https:\/\/joseluismoralesmartin.com\/en\/?s={search_term_string}\"},\"query-input\":{\"@type\":\"PropertyValueSpecification\",\"valueRequired\":true,\"valueName\":\"search_term_string\"}}],\"inLanguage\":\"en-US\"}]}<\/script>\n<!-- \/ Yoast SEO plugin. -->","yoast_head_json":{"title":"Contact Photography - Jose Luis Morales Martin","description":"If you have any questions or want to get in touch with me, don't hesitate to write to me! I will get back to you as soon as possible;","robots":{"index":"index","follow":"follow","max-snippet":"max-snippet:-1","max-image-preview":"max-image-preview:large","max-video-preview":"max-video-preview:-1"},"canonical":"https:\/\/joseluismoralesmartin.com\/en\/contact-photography\/","og_locale":"en_US","og_type":"article","og_title":"Contact Photography - Jose Luis Morales Martin","og_description":"If you have any questions or want to get in touch with me, don't hesitate to write to me! I will get back to you as soon as possible;","og_url":"https:\/\/joseluismoralesmartin.com\/en\/contact-photography\/","og_site_name":"Jose Luis Morales Martin","article_modified_time":"2023-09-01T13:01:52+00:00","og_image":[{"width":2486,"height":2481,"url":"https:\/\/joseluismoralesmartin.com\/wp-content\/uploads\/2023\/07\/arquitectura-fotografia-estructuras-innovacion-construccion-edificio-dibujo-diseno_jose-luis-morales-arquitecto-logo-002.png","type":"image\/png"}],"twitter_card":"summary_large_image","twitter_misc":{"Est. reading time":"1 minute"},"schema":{"@context":"https:\/\/schema.org","@graph":[{"@type":"WebPage","@id":"https:\/\/joseluismoralesmartin.com\/en\/contact-photography\/","url":"https:\/\/joseluismoralesmartin.com\/en\/contact-photography\/","name":"Contact Photography - Jose Luis Morales Martin","isPartOf":{"@id":"https:\/\/joseluismoralesmartin.com\/en\/#website"},"primaryImageOfPage":{"@id":"https:\/\/joseluismoralesmartin.com\/en\/contact-photography\/#primaryimage"},"image":{"@id":"https:\/\/joseluismoralesmartin.com\/en\/contact-photography\/#primaryimage"},"thumbnailUrl":"https:\/\/joseluismoralesmartin.com\/wp-content\/uploads\/2023\/07\/arquitectura-fotografia-estructuras-innovacion-construccion-edificio-dibujo-diseno_jose-luis-morales-arquitecto-logo-002.png","datePublished":"2023-08-23T08:53:02+00:00","dateModified":"2023-09-01T13:01:52+00:00","description":"If you have any questions or want to get in touch with me, don't hesitate to write to me! I will get back to you as soon as possible;","breadcrumb":{"@id":"https:\/\/joseluismoralesmartin.com\/en\/contact-photography\/#breadcrumb"},"inLanguage":"en-US","potentialAction":[{"@type":"ReadAction","target":["https:\/\/joseluismoralesmartin.com\/en\/contact-photography\/"]}]},{"@type":"ImageObject","inLanguage":"en-US","@id":"https:\/\/joseluismoralesmartin.com\/en\/contact-photography\/#primaryimage","url":"https:\/\/joseluismoralesmartin.com\/wp-content\/uploads\/2023\/07\/arquitectura-fotografia-estructuras-innovacion-construccion-edificio-dibujo-diseno_jose-luis-morales-arquitecto-logo-002.png","contentUrl":"https:\/\/joseluismoralesmartin.com\/wp-content\/uploads\/2023\/07\/arquitectura-fotografia-estructuras-innovacion-construccion-edificio-dibujo-diseno_jose-luis-morales-arquitecto-logo-002.png","width":2486,"height":2481},{"@type":"BreadcrumbList","@id":"https:\/\/joseluismoralesmartin.com\/en\/contact-photography\/#breadcrumb","itemListElement":[{"@type":"ListItem","position":1,"name":"Portada","item":"https:\/\/joseluismoralesmartin.com\/en\/"},{"@type":"ListItem","position":2,"name":"Contact Photography"}]},{"@type":"WebSite","@id":"https:\/\/joseluismoralesmartin.com\/en\/#website","url":"https:\/\/joseluismoralesmartin.com\/en\/","name":"Jose Luis Morales Martin","description":"Arquitecto","potentialAction":[{"@type":"SearchAction","target":{"@type":"EntryPoint","urlTemplate":"https:\/\/joseluismoralesmartin.com\/en\/?s={search_term_string}"},"query-input":{"@type":"PropertyValueSpecification","valueRequired":true,"valueName":"search_term_string"}}],"inLanguage":"en-US"}]}},"_links":{"self":[{"href":"https:\/\/joseluismoralesmartin.com\/en\/wp-json\/wp\/v2\/pages\/2145","targetHints":{"allow":["GET"]}}],"collection":[{"href":"https:\/\/joseluismoralesmartin.com\/en\/wp-json\/wp\/v2\/pages"}],"about":[{"href":"https:\/\/joseluismoralesmartin.com\/en\/wp-json\/wp\/v2\/types\/page"}],"author":[{"embeddable":true,"href":"https:\/\/joseluismoralesmartin.com\/en\/wp-json\/wp\/v2\/users\/3"}],"replies":[{"embeddable":true,"href":"https:\/\/joseluismoralesmartin.com\/en\/wp-json\/wp\/v2\/comments?post=2145"}],"version-history":[{"count":2,"href":"https:\/\/joseluismoralesmartin.com\/en\/wp-json\/wp\/v2\/pages\/2145\/revisions"}],"predecessor-version":[{"id":2786,"href":"https:\/\/joseluismoralesmartin.com\/en\/wp-json\/wp\/v2\/pages\/2145\/revisions\/2786"}],"wp:featuredmedia":[{"embeddable":true,"href":"https:\/\/joseluismoralesmartin.com\/en\/wp-json\/wp\/v2\/media\/1948"}],"wp:attachment":[{"href":"https:\/\/joseluismoralesmartin.com\/en\/wp-json\/wp\/v2\/media?parent=2145"}],"curies":[{"name":"wp","href":"https:\/\/api.w.org\/{rel}","templated":true}]}}